{"id":7,"date":"2022-03-01T13:45:07","date_gmt":"2022-03-01T13:45:07","guid":{"rendered":"https:\/\/afenet.oxfordhr.co.uk\/?page_id=7"},"modified":"2022-06-24T17:07:01","modified_gmt":"2022-06-24T16:07:01","slug":"home","status":"publish","type":"page","link":"https:\/\/afenet.oxfordhr.co.uk\/pt\/","title":{"rendered":"Home"},"content":{"rendered":"<div id=\"fws_69f0c4ce2848a\"  data-midnight=\"dark\"  data-bg-mobile-hidden=\"\" class=\"wpb_row vc_row-fluid vc_row standard_section\"  style=\"padding-top: 100px; padding-bottom: 0px; \"><div class=\"row-bg-wrap\" data-bg-animation=\"none\"><div class=\"inner-wrap\"><div class=\"row-bg\"  style=\"\"><\/div><\/div><div class=\"row-bg-overlay\" ><\/div><\/div><div class=\"col span_12 dark left\">\n\t<div style=\"margin-bottom: 25px!important; \" class=\"vc_col-sm-12 wpb_column column_container vc_column_container col no-extra-padding\"  data-t-w-inherits=\"default\" data-border-radius=\"none\" data-shadow=\"none\" data-border-animation=\"\" data-border-animation-delay=\"\" data-border-width=\"none\" data-border-style=\"solid\" data-border-color=\"\" data-bg-cover=\"\" data-padding-pos=\"all\" data-has-bg-color=\"false\" data-bg-color=\"\" data-bg-opacity=\"1\" data-hover-bg=\"\" data-hover-bg-opacity=\"1\" data-animation=\"\" data-delay=\"0\" ><div class=\"column-bg-overlay\"><\/div>\n\t\t<div class=\"vc_column-inner\">\n\t\t\t<div class=\"wpb_wrapper\">\n\t\t\t\t\r\n<div class=\"wpb_text_column wpb_content_element  vc_custom_1653910608651\" >\r\n\t<div class=\"wpb_wrapper\">\r\n\t\t<h2>Recrutamento do Programa Salvaguardando Vidas e Meios de Subsist\u00eancia<\/h2>\n\t<\/div>\r\n<\/div>\r\n\r\n\r\n\r\n<div id=\"fws_69f0c4ce2882b\" data-midnight=\"\" data-column-margin=\"default\" data-bg-mobile-hidden=\"\" class=\"wpb_row vc_row-fluid vc_row inner_row standard_section\"  style=\"padding-top: 0px; padding-bottom: 0px; \"><div class=\"row-bg-wrap\"> <div class=\"row-bg\"  style=\"\"><\/div> <\/div><div class=\"col span_12  left\">\n\t<div  class=\"vc_col-sm-6 wpb_column column_container vc_column_container col no-extra-padding\"   data-t-w-inherits=\"default\" data-shadow=\"none\" data-border-radius=\"none\" data-border-animation=\"\" data-border-animation-delay=\"\" data-border-width=\"none\" data-border-style=\"solid\" data-border-color=\"\" data-bg-cover=\"\" data-padding-pos=\"all\" data-has-bg-color=\"false\" data-bg-color=\"\" data-bg-opacity=\"1\" data-hover-bg=\"\" data-hover-bg-opacity=\"1\" data-animation=\"\" data-delay=\"0\"><div class=\"column-bg-overlay\"><\/div>\n\t\t<div class=\"vc_column-inner\">\n\t\t<div class=\"wpb_wrapper\">\n\t\t\t\r\n<div class=\"wpb_text_column wpb_content_element  vc_custom_1653991974966\" >\r\n\t<div class=\"wpb_wrapper\">\r\n\t\t<p>A Uni\u00e3o Africana (UA), estabelecida como \u00fanico organismo pan-africano, ao n\u00edvel do continente, est\u00e1 encarregada de liderar a r\u00e1pida integra\u00e7\u00e3o e desenvolvimento sustent\u00e1vel de \u00c1frica, promovendo a unidade, a solidariedade, a coes\u00e3o e a coopera\u00e7\u00e3o entre os povos de \u00c1frica e os Estados africanos, bem como o desenvolvimento de novas parcerias em todo o mundo. A sua sede est\u00e1 localizada em Adis Abeba, Eti\u00f3pia.<\/p>\n<p>O CDC da \u00c1frica \u00e9 a primeira ag\u00eancia de sa\u00fade p\u00fablica de \u00c1frica a n\u00edvel continental e prev\u00ea uma \u00c1frica mais segura, mais saud\u00e1vel, integrada e mais forte, onde os Estados Membros sejam capazes de responder de forma eficaz a surtos de doen\u00e7as infecciosas e outras amea\u00e7as \u00e0 sa\u00fade p\u00fablica. \nEm termos administrativos, o CDC da \u00c1frica foi concebida para operar um modelo descentralizado que lhe permite trabalhar com os Institutos Nacionais de Sa\u00fade P\u00fablica (INSPs) dos Estados Membros, atrav\u00e9s de cinco Centros Regionais de Colabora\u00e7\u00e3o localizados no Egipto, Gab\u00e3o, Qu\u00e9nia, Nig\u00e9ria e Z\u00e2mbia, para as regi\u00f5es da \u00c1frica do Norte, \u00c1frica Central, \u00c1frica Oriental, \u00c1frica Ocidental, e \u00c1frica Austral, respectivamente.<\/p>\n<p>Com o financiamento da Funda\u00e7\u00e3o Mastercard, o CDC da \u00c1frica implementar\u00e1 o Programa de Salvaguardando Vidas e Meios de Subsist\u00eancia (SLL).\nEste projecto ir\u00e1 refor\u00e7ar as capacidades institucionais de sa\u00fade p\u00fablica de \u00c1frica para detectar e responder r\u00e1pida e eficazmente a surtos de doen\u00e7as e outros encargos de sa\u00fade atrav\u00e9s de uma rede integrada de programas de prepara\u00e7\u00e3o e resposta a n\u00edvel continental, vigil\u00e2ncia, laborat\u00f3rios e investiga\u00e7\u00e3o.<\/p>\n<p>Na implementa\u00e7\u00e3o do Projecto SLL, o CDC da \u00c1frica \u00e9 apoiada pela Rede Africana de Epidemiologia de Campo (AFENET), uma organiza\u00e7\u00e3o de servi\u00e7os sem fins lucrativos, que trabalha em conjunto com os Minist\u00e9rios da Sa\u00fade, parceiros regionais e internacionais, para refor\u00e7ar a vigil\u00e2ncia epidemiol\u00f3gica e de doen\u00e7as e as capacidades de resposta dos pa\u00edses Africanos.<\/p>\n\t<\/div>\r\n<\/div>\r\n\r\n\r\n\r\n\n\t\t<\/div> \n\t<\/div>\n\t<\/div> \n\n\t<div  class=\"vc_col-sm-6 wpb_column column_container vc_column_container col no-extra-padding\"   data-t-w-inherits=\"default\" data-shadow=\"none\" data-border-radius=\"none\" data-border-animation=\"\" data-border-animation-delay=\"\" data-border-width=\"none\" data-border-style=\"solid\" data-border-color=\"\" data-bg-cover=\"\" data-padding-pos=\"all\" data-has-bg-color=\"false\" data-bg-color=\"\" data-bg-opacity=\"1\" data-hover-bg=\"\" data-hover-bg-opacity=\"1\" data-animation=\"\" data-delay=\"0\"><div class=\"column-bg-overlay\"><\/div>\n\t\t<div class=\"vc_column-inner\">\n\t\t<div class=\"wpb_wrapper\">\n\t\t\t\r\n<div class=\"wpb_text_column wpb_content_element  vc_custom_1655132120697\" >\r\n\t<div class=\"wpb_wrapper\">\r\n\t\t<p>A AFENET e o CDC da \u00c1frica s\u00e3o entidades independentes que trabalham em colabora\u00e7\u00e3o para fazer avan\u00e7ar a sa\u00fade p\u00fablica no continente. Uma das principais \u00e1reas de colabora\u00e7\u00e3o \u00e9 a facilita\u00e7\u00e3o do recrutamento de pessoal, atrav\u00e9s da AFENET, a ser baseado na Sede do CDC da \u00c1frica e nos Centros Regionais de Colabora\u00e7\u00e3o (CCR).<\/p>\n<p>Atrav\u00e9s de um contrato com a AFENET, os Recursos Humanos da Oxford est\u00e1 a liderar o esfor\u00e7o de recrutamento em todos os pa\u00edses da UA para noventa e dois postos de pessoal para o Projecto SLL. Os Recursos Humanos da Oxford operam a n\u00edvel internacional e t\u00eam presen\u00e7a regional ao n\u00edvel de \u00c1frica com escrit\u00f3rios em Nairobi, Qu\u00e9nia.<\/p>\n<p>Para promover a equidade e justi\u00e7a, especialmente para pa\u00edses com uma m\u00e1 liga\u00e7\u00e3o \u00e0 Internet, os Recursos Humanos da Oxford criaram uma caixa de email, help box.\nSe estiver a enfrentar algum desafio para chegar a uma p\u00e1gina ou carregar documentos, por favor contacte atrav\u00e9s deste email <a href=\"mailto:afenet-general@oxfordhr.co.uk\">afenet-general@oxfordhr.co.uk<\/a>. Note que este e-mail n\u00e3o receber\u00e1 candidaturas, mas ser\u00e1 utilizado para responder a quaisquer perguntas e orientar os candidatos para encontrar a coloca\u00e7\u00e3o correcta.<\/p>\n\t<\/div>\r\n<\/div>\r\n\r\n\r\n\r\n\n\t\t<\/div> \n\t<\/div>\n\t<\/div> \n<\/div><\/div>\n\t\t\t<\/div> \n\t\t<\/div>\n\t<\/div> \n<\/div><\/div>\n\t\t<div id=\"jobs\"  data-midnight=\"dark\"  data-bg-mobile-hidden=\"\" class=\"wpb_row vc_row-fluid vc_row standard_section\"  style=\"padding-top: 0px; padding-bottom: 10px; \"><div class=\"row-bg-wrap\" data-bg-animation=\"none\"><div class=\"inner-wrap\"><div class=\"row-bg\"  style=\"\"><\/div><\/div><div class=\"row-bg-overlay\" ><\/div><\/div><div class=\"col span_12 dark left\">\n\t<div  class=\"vc_col-sm-12 wpb_column column_container vc_column_container col no-extra-padding\"  data-t-w-inherits=\"default\" data-border-radius=\"none\" data-shadow=\"none\" data-border-animation=\"\" data-border-animation-delay=\"\" data-border-width=\"none\" data-border-style=\"solid\" data-border-color=\"\" data-bg-cover=\"\" data-padding-pos=\"all\" data-has-bg-color=\"false\" data-bg-color=\"\" data-bg-opacity=\"1\" data-hover-bg=\"\" data-hover-bg-opacity=\"1\" data-animation=\"\" data-delay=\"0\" ><div class=\"column-bg-overlay\"><\/div>\n\t\t<div class=\"vc_column-inner\">\n\t\t\t<div class=\"wpb_wrapper\">\n\t\t\t\t<div class=\"vc_separator wpb_content_element vc_separator_align_center vc_sep_width_100 vc_sep_pos_align_center vc_separator-has-text\" ><span class=\"vc_sep_holder vc_sep_holder_l\"><span  style=\"border-color:#ab0064;\" class=\"vc_sep_line\"><\/span><\/span><h4>Ofertas<\/h4><span class=\"vc_sep_holder vc_sep_holder_r\"><span  style=\"border-color:#ab0064;\" class=\"vc_sep_line\"><\/span><\/span>\n<\/div>\r\n<div class=\"wpb_text_column wpb_content_element\" >\r\n\t<div class=\"wpb_wrapper\">\r\n\t\t<p>[jobpost posts=&#8221;&#8221; category=&#8221;&#8221; type=&#8221;&#8221; location=&#8221;&#8221; search=&#8221;false&#8221;]<\/p>\n\t<\/div>\r\n<\/div>\r\n\r\n\r\n\r\n\n\t\t\t<\/div> \n\t\t<\/div>\n\t<\/div> \n<\/div><\/div>","protected":false},"excerpt":{"rendered":"Background Information The African Union (AU), established as a unique Pan African continental body, is charged with spearheading Africa\u2019s rapid integration and sustainable development by promoting unity, solidarity, cohesion, and...","protected":false},"author":2,"featured_media":24,"parent":0,"menu_order":0,"comment_status":"closed","ping_status":"closed","template":"","meta":{"_acf_changed":false,"footnotes":""},"class_list":["post-7","page","type-page","status-publish","has-post-thumbnail"],"acf":[],"_links":{"self":[{"href":"https:\/\/afenet.oxfordhr.co.uk\/pt\/wp-json\/wp\/v2\/pages\/7","targetHints":{"allow":["GET"]}}],"collection":[{"href":"https:\/\/afenet.oxfordhr.co.uk\/pt\/wp-json\/wp\/v2\/pages"}],"about":[{"href":"https:\/\/afenet.oxfordhr.co.uk\/pt\/wp-json\/wp\/v2\/types\/page"}],"author":[{"embeddable":true,"href":"https:\/\/afenet.oxfordhr.co.uk\/pt\/wp-json\/wp\/v2\/users\/2"}],"replies":[{"embeddable":true,"href":"https:\/\/afenet.oxfordhr.co.uk\/pt\/wp-json\/wp\/v2\/comments?post=7"}],"version-history":[{"count":15,"href":"https:\/\/afenet.oxfordhr.co.uk\/pt\/wp-json\/wp\/v2\/pages\/7\/revisions"}],"predecessor-version":[{"id":91823,"href":"https:\/\/afenet.oxfordhr.co.uk\/pt\/wp-json\/wp\/v2\/pages\/7\/revisions\/91823"}],"wp:featuredmedia":[{"embeddable":true,"href":"https:\/\/afenet.oxfordhr.co.uk\/pt\/wp-json\/wp\/v2\/media\/24"}],"wp:attachment":[{"href":"https:\/\/afenet.oxfordhr.co.uk\/pt\/wp-json\/wp\/v2\/media?parent=7"}],"curies":[{"name":"wp","href":"https:\/\/api.w.org\/{rel}","templated":true}]}}