{"id":7,"date":"2022-03-01T13:45:07","date_gmt":"2022-03-01T13:45:07","guid":{"rendered":"https:\/\/afenet.oxfordhr.co.uk\/?page_id=7"},"modified":"2022-06-24T17:07:01","modified_gmt":"2022-06-24T16:07:01","slug":"home","status":"publish","type":"page","link":"https:\/\/afenet.oxfordhr.co.uk\/fr\/","title":{"rendered":"Home"},"content":{"rendered":"<div id=\"fws_69f0ca37ce751\"  data-midnight=\"dark\"  data-bg-mobile-hidden=\"\" class=\"wpb_row vc_row-fluid vc_row standard_section\"  style=\"padding-top: 100px; padding-bottom: 0px; \"><div class=\"row-bg-wrap\" data-bg-animation=\"none\"><div class=\"inner-wrap\"><div class=\"row-bg\"  style=\"\"><\/div><\/div><div class=\"row-bg-overlay\" ><\/div><\/div><div class=\"col span_12 dark left\">\n\t<div style=\"margin-bottom: 25px!important; \" class=\"vc_col-sm-12 wpb_column column_container vc_column_container col no-extra-padding\"  data-t-w-inherits=\"default\" data-border-radius=\"none\" data-shadow=\"none\" data-border-animation=\"\" data-border-animation-delay=\"\" data-border-width=\"none\" data-border-style=\"solid\" data-border-color=\"\" data-bg-cover=\"\" data-padding-pos=\"all\" data-has-bg-color=\"false\" data-bg-color=\"\" data-bg-opacity=\"1\" data-hover-bg=\"\" data-hover-bg-opacity=\"1\" data-animation=\"\" data-delay=\"0\" ><div class=\"column-bg-overlay\"><\/div>\n\t\t<div class=\"vc_column-inner\">\n\t\t\t<div class=\"wpb_wrapper\">\n\t\t\t\t\r\n<div class=\"wpb_text_column wpb_content_element  vc_custom_1653910608651\" >\r\n\t<div class=\"wpb_wrapper\">\r\n\t\t<h2>Informations g\u00e9n\u00e9rales<\/h2>\n\t<\/div>\r\n<\/div>\r\n\r\n\r\n\r\n<div id=\"fws_69f0ca37ceb16\" data-midnight=\"\" data-column-margin=\"default\" data-bg-mobile-hidden=\"\" class=\"wpb_row vc_row-fluid vc_row inner_row standard_section\"  style=\"padding-top: 0px; padding-bottom: 0px; \"><div class=\"row-bg-wrap\"> <div class=\"row-bg\"  style=\"\"><\/div> <\/div><div class=\"col span_12  left\">\n\t<div  class=\"vc_col-sm-6 wpb_column column_container vc_column_container col no-extra-padding\"   data-t-w-inherits=\"default\" data-shadow=\"none\" data-border-radius=\"none\" data-border-animation=\"\" data-border-animation-delay=\"\" data-border-width=\"none\" data-border-style=\"solid\" data-border-color=\"\" data-bg-cover=\"\" data-padding-pos=\"all\" data-has-bg-color=\"false\" data-bg-color=\"\" data-bg-opacity=\"1\" data-hover-bg=\"\" data-hover-bg-opacity=\"1\" data-animation=\"\" data-delay=\"0\"><div class=\"column-bg-overlay\"><\/div>\n\t\t<div class=\"vc_column-inner\">\n\t\t<div class=\"wpb_wrapper\">\n\t\t\t\r\n<div class=\"wpb_text_column wpb_content_element  vc_custom_1653991974966\" >\r\n\t<div class=\"wpb_wrapper\">\r\n\t\t<p>L\u2019Union africaine (UA), \u00e9tablie en tant qu\u2019organe continental panafricain unique, est charg\u00e9e de diriger l\u2019int\u00e9gration rapide et le d\u00e9veloppement durable de l\u2019Afrique en promouvant l\u2019unit\u00e9, la solidarit\u00e9, la coh\u00e9sion et la coop\u00e9ration entre les peuples d\u2019Afrique et les \u00c9tats africains, ainsi que le d\u00e9veloppement de nouveaux partenariats dans le monde entier. Son si\u00e8ge social est situ\u00e9 \u00e0 Addis-Abeba, en \u00c9thiopie.<\/p>\n<p>La CDC Afrique est la premi\u00e8re agence de sant\u00e9 publique \u00e0 l\u2019\u00e9chelle du continent africain et envisage une Afrique plus s\u00fbre, plus saine, int\u00e9gr\u00e9e et plus forte, o\u00f9 les \u00c9tats membres sont capables de r\u00e9pondre efficacement aux \u00e9pid\u00e9mies de maladies infectieuses et d\u2019autres menaces pour la sant\u00e9 publique.\nSur le plan administratif, CDC Africa est con\u00e7u pour exploiter un mod\u00e8le d\u00e9centralis\u00e9 qui lui permet de travailler avec les instituts nationaux de sant\u00e9 publique (INSP) des \u00c9tats membres, \u00e0 travers cinq centres de collaboration r\u00e9gionaux situ\u00e9s en \u00c9gypte, au Gabon, au Kenya, au Nig\u00e9ria et en Zambie, pour les r\u00e9gions d\u2019Afrique du Nord, d\u2019Afrique centrale, d\u2019Afrique de l\u2019Est, d\u2019Afrique de l\u2019Ouest et d\u2019Afrique australe, respectivement.<\/p>\n<p>Avec le financement de la Fondation Mastercard, CDC Africa mettra en \u0153uvre le programme Sauver des Vies et des Moyens de Subsistance (SLL).\nCe projet renforcera les capacit\u00e9s institutionnelles de sant\u00e9 publique de l\u2019Afrique \u00e0 d\u00e9tecter et \u00e0 r\u00e9agir rapidement et efficacement aux \u00e9pid\u00e9mies et autres fardeaux sanitaires gr\u00e2ce \u00e0 un r\u00e9seau int\u00e9gr\u00e9 de programmes de pr\u00e9paration et d\u2019intervention, de surveillance, de laboratoire et de recherche \u00e0 l\u2019\u00e9chelle du continent.<\/p>\n<p>Dans la mise en \u0153uvre du projet SLL, CDC Afrique est soutenu par l\u2019African Field Epidemiology Network (AFENET), une organisation \u00e0 but non lucratif, de r\u00e9seautage et de services qui travaille aux c\u00f4t\u00e9s des minist\u00e8res de la Sant\u00e9, des partenaires r\u00e9gionaux et internationaux, pour renforcer leurs capacit\u00e9s \u00e9pid\u00e9miologiques et leurs moyens de surveillance des maladies et les capacit\u00e9s de r\u00e9ponse des pays africains.<\/p>\n\t<\/div>\r\n<\/div>\r\n\r\n\r\n\r\n\n\t\t<\/div> \n\t<\/div>\n\t<\/div> \n\n\t<div  class=\"vc_col-sm-6 wpb_column column_container vc_column_container col no-extra-padding\"   data-t-w-inherits=\"default\" data-shadow=\"none\" data-border-radius=\"none\" data-border-animation=\"\" data-border-animation-delay=\"\" data-border-width=\"none\" data-border-style=\"solid\" data-border-color=\"\" data-bg-cover=\"\" data-padding-pos=\"all\" data-has-bg-color=\"false\" data-bg-color=\"\" data-bg-opacity=\"1\" data-hover-bg=\"\" data-hover-bg-opacity=\"1\" data-animation=\"\" data-delay=\"0\"><div class=\"column-bg-overlay\"><\/div>\n\t\t<div class=\"vc_column-inner\">\n\t\t<div class=\"wpb_wrapper\">\n\t\t\t\r\n<div class=\"wpb_text_column wpb_content_element  vc_custom_1655132120697\" >\r\n\t<div class=\"wpb_wrapper\">\r\n\t\t<p>AFENET et le CDC Afrique sont des entit\u00e9s ind\u00e9pendantes qui travaillent en collaboration pour faire progresser la sant\u00e9 publique sur le continent. L\u2019un des principaux domaines de collaboration est la facilitation, par l\u2019interm\u00e9diaire d\u2019AFENET, du recrutement de personnel qui sera bas\u00e9 au si\u00e8ge du CDC Afrique et dans les centres de collaboration r\u00e9gionaux (CCR).<\/p>\n<p>Gr\u00e2ce \u00e0 un contrat avec AFENET, Oxford HR dirige l\u2019effort de recrutement dans tous les pays de l\u2019UA pour quatre-vingt-douze postes afin de doter le projet SLL. Oxford HR op\u00e8re \u00e0 l\u2019\u00e9chelle mondiale et a une pr\u00e9sence r\u00e9gionale africaine avec des bureaux \u00e0 Nairobi, au Kenya.<\/p>\n<p>Pour promouvoir l\u2019\u00e9quit\u00e9 et l\u2019\u00e9quit\u00e9, en particulier pour les pays mal connect\u00e9s \u00e0 Internet, Oxford HR a mis en place une bo\u00eete d\u2019aide par e-mail. Si vous rencontrez des difficult\u00e9s pour acc\u00e9der \u00e0 une page ou t\u00e9l\u00e9charger des documents, veuillez nous contacter via cet e-mail <a href=\"mailto:afenet-general@oxfordhr.co.uk\">afenet-general@oxfordhr.co.uk<\/a>. Veuillez noter que cet e-mail ne recevra pas de candidatures, mais sera utilis\u00e9 pour r\u00e9pondre \u00e0 toutes les questions et diriger les candidats vers la recherche de la bonne offre d\u2019emploi.<\/p>\n\t<\/div>\r\n<\/div>\r\n\r\n\r\n\r\n\n\t\t<\/div> \n\t<\/div>\n\t<\/div> \n<\/div><\/div>\n\t\t\t<\/div> \n\t\t<\/div>\n\t<\/div> \n<\/div><\/div>\n\t\t<div id=\"jobs\"  data-midnight=\"dark\"  data-bg-mobile-hidden=\"\" class=\"wpb_row vc_row-fluid vc_row standard_section\"  style=\"padding-top: 0px; padding-bottom: 10px; \"><div class=\"row-bg-wrap\" data-bg-animation=\"none\"><div class=\"inner-wrap\"><div class=\"row-bg\"  style=\"\"><\/div><\/div><div class=\"row-bg-overlay\" ><\/div><\/div><div class=\"col span_12 dark left\">\n\t<div  class=\"vc_col-sm-12 wpb_column column_container vc_column_container col no-extra-padding\"  data-t-w-inherits=\"default\" data-border-radius=\"none\" data-shadow=\"none\" data-border-animation=\"\" data-border-animation-delay=\"\" data-border-width=\"none\" data-border-style=\"solid\" data-border-color=\"\" data-bg-cover=\"\" data-padding-pos=\"all\" data-has-bg-color=\"false\" data-bg-color=\"\" data-bg-opacity=\"1\" data-hover-bg=\"\" data-hover-bg-opacity=\"1\" data-animation=\"\" data-delay=\"0\" ><div class=\"column-bg-overlay\"><\/div>\n\t\t<div class=\"vc_column-inner\">\n\t\t\t<div class=\"wpb_wrapper\">\n\t\t\t\t<div class=\"vc_separator wpb_content_element vc_separator_align_center vc_sep_width_100 vc_sep_pos_align_center vc_separator-has-text\" ><span class=\"vc_sep_holder vc_sep_holder_l\"><span  style=\"border-color:#ab0064;\" class=\"vc_sep_line\"><\/span><\/span><h4>Les r\u00f4les<\/h4><span class=\"vc_sep_holder vc_sep_holder_r\"><span  style=\"border-color:#ab0064;\" class=\"vc_sep_line\"><\/span><\/span>\n<\/div>\r\n<div class=\"wpb_text_column wpb_content_element\" >\r\n\t<div class=\"wpb_wrapper\">\r\n\t\t<p>[jobpost posts=&#8221;&#8221; category=&#8221;&#8221; type=&#8221;&#8221; location=&#8221;&#8221; search=&#8221;false&#8221;]<\/p>\n\t<\/div>\r\n<\/div>\r\n\r\n\r\n\r\n\n\t\t\t<\/div> \n\t\t<\/div>\n\t<\/div> \n<\/div><\/div>","protected":false},"excerpt":{"rendered":"Background Information The African Union (AU), established as a unique Pan African continental body, is charged with spearheading Africa\u2019s rapid integration and sustainable development by promoting unity, solidarity, cohesion, and...","protected":false},"author":2,"featured_media":24,"parent":0,"menu_order":0,"comment_status":"closed","ping_status":"closed","template":"","meta":{"_acf_changed":false,"footnotes":""},"class_list":["post-7","page","type-page","status-publish","has-post-thumbnail"],"acf":[],"_links":{"self":[{"href":"https:\/\/afenet.oxfordhr.co.uk\/fr\/wp-json\/wp\/v2\/pages\/7","targetHints":{"allow":["GET"]}}],"collection":[{"href":"https:\/\/afenet.oxfordhr.co.uk\/fr\/wp-json\/wp\/v2\/pages"}],"about":[{"href":"https:\/\/afenet.oxfordhr.co.uk\/fr\/wp-json\/wp\/v2\/types\/page"}],"author":[{"embeddable":true,"href":"https:\/\/afenet.oxfordhr.co.uk\/fr\/wp-json\/wp\/v2\/users\/2"}],"replies":[{"embeddable":true,"href":"https:\/\/afenet.oxfordhr.co.uk\/fr\/wp-json\/wp\/v2\/comments?post=7"}],"version-history":[{"count":15,"href":"https:\/\/afenet.oxfordhr.co.uk\/fr\/wp-json\/wp\/v2\/pages\/7\/revisions"}],"predecessor-version":[{"id":91823,"href":"https:\/\/afenet.oxfordhr.co.uk\/fr\/wp-json\/wp\/v2\/pages\/7\/revisions\/91823"}],"wp:featuredmedia":[{"embeddable":true,"href":"https:\/\/afenet.oxfordhr.co.uk\/fr\/wp-json\/wp\/v2\/media\/24"}],"wp:attachment":[{"href":"https:\/\/afenet.oxfordhr.co.uk\/fr\/wp-json\/wp\/v2\/media?parent=7"}],"curies":[{"name":"wp","href":"https:\/\/api.w.org\/{rel}","templated":true}]}}