{"id":7,"date":"2022-03-01T13:45:07","date_gmt":"2022-03-01T13:45:07","guid":{"rendered":"https:\/\/afenet.oxfordhr.co.uk\/?page_id=7"},"modified":"2022-06-24T17:07:01","modified_gmt":"2022-06-24T16:07:01","slug":"home","status":"publish","type":"page","link":"https:\/\/afenet.oxfordhr.co.uk\/es\/","title":{"rendered":"Home"},"content":{"rendered":"<div id=\"fws_69f0c467a7aba\"  data-midnight=\"dark\"  data-bg-mobile-hidden=\"\" class=\"wpb_row vc_row-fluid vc_row standard_section\"  style=\"padding-top: 100px; padding-bottom: 0px; \"><div class=\"row-bg-wrap\" data-bg-animation=\"none\"><div class=\"inner-wrap\"><div class=\"row-bg\"  style=\"\"><\/div><\/div><div class=\"row-bg-overlay\" ><\/div><\/div><div class=\"col span_12 dark left\">\n\t<div style=\"margin-bottom: 25px!important; \" class=\"vc_col-sm-12 wpb_column column_container vc_column_container col no-extra-padding\"  data-t-w-inherits=\"default\" data-border-radius=\"none\" data-shadow=\"none\" data-border-animation=\"\" data-border-animation-delay=\"\" data-border-width=\"none\" data-border-style=\"solid\" data-border-color=\"\" data-bg-cover=\"\" data-padding-pos=\"all\" data-has-bg-color=\"false\" data-bg-color=\"\" data-bg-opacity=\"1\" data-hover-bg=\"\" data-hover-bg-opacity=\"1\" data-animation=\"\" data-delay=\"0\" ><div class=\"column-bg-overlay\"><\/div>\n\t\t<div class=\"vc_column-inner\">\n\t\t\t<div class=\"wpb_wrapper\">\n\t\t\t\t\r\n<div class=\"wpb_text_column wpb_content_element  vc_custom_1653910608651\" >\r\n\t<div class=\"wpb_wrapper\">\r\n\t\t<h2>Reclutamiento del Programa Salvamento de Vidas y Medios de Vida<\/h2>\n\t<\/div>\r\n<\/div>\r\n\r\n\r\n\r\n<div id=\"fws_69f0c467a7e08\" data-midnight=\"\" data-column-margin=\"default\" data-bg-mobile-hidden=\"\" class=\"wpb_row vc_row-fluid vc_row inner_row standard_section\"  style=\"padding-top: 0px; padding-bottom: 0px; \"><div class=\"row-bg-wrap\"> <div class=\"row-bg\"  style=\"\"><\/div> <\/div><div class=\"col span_12  left\">\n\t<div  class=\"vc_col-sm-6 wpb_column column_container vc_column_container col no-extra-padding\"   data-t-w-inherits=\"default\" data-shadow=\"none\" data-border-radius=\"none\" data-border-animation=\"\" data-border-animation-delay=\"\" data-border-width=\"none\" data-border-style=\"solid\" data-border-color=\"\" data-bg-cover=\"\" data-padding-pos=\"all\" data-has-bg-color=\"false\" data-bg-color=\"\" data-bg-opacity=\"1\" data-hover-bg=\"\" data-hover-bg-opacity=\"1\" data-animation=\"\" data-delay=\"0\"><div class=\"column-bg-overlay\"><\/div>\n\t\t<div class=\"vc_column-inner\">\n\t\t<div class=\"wpb_wrapper\">\n\t\t\t\r\n<div class=\"wpb_text_column wpb_content_element  vc_custom_1653991974966\" >\r\n\t<div class=\"wpb_wrapper\">\r\n\t\t<p>La Uni\u00f3n Africana (UA), creada como un organismo continental panafricano \u00fanico, es la encargada de liderar la r\u00e1pida integraci\u00f3n y el desarrollo sostenible de \u00c1frica, promoviendo la unidad, la solidaridad, la cohesi\u00f3n y la cooperaci\u00f3n entre los pueblos de \u00c1frica y los Estados africanos, as\u00ed como el desarrollo de una nueva asociaci\u00f3n nivel mundial. Su sede principal se encuentra en Addis Abeba, Etiop\u00eda.<\/p>\n<p>Los CDC de \u00c1frica son la primera agencia de salud p\u00fablica de todo el continente y prev\u00e9n una \u00c1frica m\u00e1s segura, saludable, integrada y fuerte, en la que los Estados miembros ser\u00e1n capaces de responder eficazmente a los brotes de enfermedades infecciosas y otras amenazas para la salud p\u00fablica.\nAdministrativamente, los CDC de \u00c1frica est\u00e1n dise\u00f1ados para operar un modelo descentralizado que les permite trabajar con los Institutos Nacionales de Salud P\u00fablica (NPHI) de los Estados Miembros, a trav\u00e9s de cinco Centros Colaboradores Regionales ubicados en Egipto, Gab\u00f3n, Kenia, Nigeria y Zambia, para cubrir las regiones de \u00c1frica del Norte, \u00c1frica Central, \u00c1frica Oriental, \u00c1frica Occidental y \u00c1frica del Sur, respectivamente.<\/p>\n<p>Con fondos de la Fundaci\u00f3n Mastercard, los CDC de \u00c1frica implementar\u00e1n el Programa Salvamento de Vidas y Medios de Vida (SLL).\nEste proyecto reforzar\u00e1 las capacidades de las instituciones de salud p\u00fablica de \u00c1frica para detectar y responder de forma r\u00e1pida y eficaz a los brotes de enfermedades y otras imposiciones sanitarias mediante una red integrada de programas de preparaci\u00f3n y respuesta, vigilancia, laboratorio e investigaci\u00f3n en todo el continente.<\/p>\n<p>En la implementaci\u00f3n del Proyecto SLL, los CDC de \u00c1frica cuentan con el apoyo de la African Field Epidemiology Network (AFENET) (Red Africana de Epidemiolog\u00eda de Campo), una organizaci\u00f3n sin fines de lucro, de redes y servicios que trabaja junto con los Ministerios de Salud, socios regionales e internacionales, para fortalecer la vigilancia epidemiol\u00f3gica y de enfermedades y la capacidad de respuesta de los pa\u00edses africanos.<\/p>\n\t<\/div>\r\n<\/div>\r\n\r\n\r\n\r\n\n\t\t<\/div> \n\t<\/div>\n\t<\/div> \n\n\t<div  class=\"vc_col-sm-6 wpb_column column_container vc_column_container col no-extra-padding\"   data-t-w-inherits=\"default\" data-shadow=\"none\" data-border-radius=\"none\" data-border-animation=\"\" data-border-animation-delay=\"\" data-border-width=\"none\" data-border-style=\"solid\" data-border-color=\"\" data-bg-cover=\"\" data-padding-pos=\"all\" data-has-bg-color=\"false\" data-bg-color=\"\" data-bg-opacity=\"1\" data-hover-bg=\"\" data-hover-bg-opacity=\"1\" data-animation=\"\" data-delay=\"0\"><div class=\"column-bg-overlay\"><\/div>\n\t\t<div class=\"vc_column-inner\">\n\t\t<div class=\"wpb_wrapper\">\n\t\t\t\r\n<div class=\"wpb_text_column wpb_content_element  vc_custom_1655132120697\" >\r\n\t<div class=\"wpb_wrapper\">\r\n\t\t<p>AFENET y los CDC de \u00c1frica son entidades independientes que trabajan de forma colaborativa para hacer avanzar la salud p\u00fablica en el continente. Una de las \u00e1reas clave de colaboraci\u00f3n es la facilitaci\u00f3n a trav\u00e9s de AFENET de la contrataci\u00f3n del personal que prestar\u00e1 servicios en la sede principal y los Centros Colaboradores Regionales (RCC) de los CDC de \u00c1frica.<\/p>\n<p>A trav\u00e9s de un contrato con AFENET, Oxford HR est\u00e1 liderando el esfuerzo de reclutamiento en todos los pa\u00edses de la UA para cubrir noventa y dos puestos en el Proyecto SLL. Oxford HR opera globalmente y tiene presencia en las regiones africanas con oficinas en Nairobi, Kenia.<\/p>\n<p>Para promover la equidad y la justicia, especialmente para los pa\u00edses con una conexi\u00f3n a Internet deficiente, Oxford HR ha establecido un correo electr\u00f3nico help box.\nSi tiene alg\u00fan problema para acceder a una p\u00e1gina o cargar documentos, comun\u00edquese a trav\u00e9s de este correo electr\u00f3nico <a href=\"mailto:afenet-general@oxfordhr.co.uk\">afenet-general@oxfordhr.co.uk<\/a>. Tenga presente que este correo electr\u00f3nico no recibir\u00e1 solicitudes, sino que se utilizar\u00e1 para responder a cualquier consulta y dirigir a los candidatos al puesto de trabajo que buscan.<\/p>\n\t<\/div>\r\n<\/div>\r\n\r\n\r\n\r\n\n\t\t<\/div> \n\t<\/div>\n\t<\/div> \n<\/div><\/div>\n\t\t\t<\/div> \n\t\t<\/div>\n\t<\/div> \n<\/div><\/div>\n\t\t<div id=\"jobs\"  data-midnight=\"dark\"  data-bg-mobile-hidden=\"\" class=\"wpb_row vc_row-fluid vc_row standard_section\"  style=\"padding-top: 0px; padding-bottom: 10px; \"><div class=\"row-bg-wrap\" data-bg-animation=\"none\"><div class=\"inner-wrap\"><div class=\"row-bg\"  style=\"\"><\/div><\/div><div class=\"row-bg-overlay\" ><\/div><\/div><div class=\"col span_12 dark left\">\n\t<div  class=\"vc_col-sm-12 wpb_column column_container vc_column_container col no-extra-padding\"  data-t-w-inherits=\"default\" data-border-radius=\"none\" data-shadow=\"none\" data-border-animation=\"\" data-border-animation-delay=\"\" data-border-width=\"none\" data-border-style=\"solid\" data-border-color=\"\" data-bg-cover=\"\" data-padding-pos=\"all\" data-has-bg-color=\"false\" data-bg-color=\"\" data-bg-opacity=\"1\" data-hover-bg=\"\" data-hover-bg-opacity=\"1\" data-animation=\"\" data-delay=\"0\" ><div class=\"column-bg-overlay\"><\/div>\n\t\t<div class=\"vc_column-inner\">\n\t\t\t<div class=\"wpb_wrapper\">\n\t\t\t\t<div class=\"vc_separator wpb_content_element vc_separator_align_center vc_sep_width_100 vc_sep_pos_align_center vc_separator-has-text\" ><span class=\"vc_sep_holder vc_sep_holder_l\"><span  style=\"border-color:#ab0064;\" class=\"vc_sep_line\"><\/span><\/span><h4>Puestos<\/h4><span class=\"vc_sep_holder vc_sep_holder_r\"><span  style=\"border-color:#ab0064;\" class=\"vc_sep_line\"><\/span><\/span>\n<\/div>\r\n<div class=\"wpb_text_column wpb_content_element\" >\r\n\t<div class=\"wpb_wrapper\">\r\n\t\t<p>[jobpost posts=&#8221;&#8221; category=&#8221;&#8221; type=&#8221;&#8221; location=&#8221;&#8221; search=&#8221;false&#8221;]<\/p>\n\t<\/div>\r\n<\/div>\r\n\r\n\r\n\r\n\n\t\t\t<\/div> \n\t\t<\/div>\n\t<\/div> \n<\/div><\/div>","protected":false},"excerpt":{"rendered":"Background Information The African Union (AU), established as a unique Pan African continental body, is charged with spearheading Africa\u2019s rapid integration and sustainable development by promoting unity, solidarity, cohesion, and...","protected":false},"author":2,"featured_media":24,"parent":0,"menu_order":0,"comment_status":"closed","ping_status":"closed","template":"","meta":{"_acf_changed":false,"footnotes":""},"class_list":["post-7","page","type-page","status-publish","has-post-thumbnail"],"acf":[],"_links":{"self":[{"href":"https:\/\/afenet.oxfordhr.co.uk\/es\/wp-json\/wp\/v2\/pages\/7","targetHints":{"allow":["GET"]}}],"collection":[{"href":"https:\/\/afenet.oxfordhr.co.uk\/es\/wp-json\/wp\/v2\/pages"}],"about":[{"href":"https:\/\/afenet.oxfordhr.co.uk\/es\/wp-json\/wp\/v2\/types\/page"}],"author":[{"embeddable":true,"href":"https:\/\/afenet.oxfordhr.co.uk\/es\/wp-json\/wp\/v2\/users\/2"}],"replies":[{"embeddable":true,"href":"https:\/\/afenet.oxfordhr.co.uk\/es\/wp-json\/wp\/v2\/comments?post=7"}],"version-history":[{"count":15,"href":"https:\/\/afenet.oxfordhr.co.uk\/es\/wp-json\/wp\/v2\/pages\/7\/revisions"}],"predecessor-version":[{"id":91823,"href":"https:\/\/afenet.oxfordhr.co.uk\/es\/wp-json\/wp\/v2\/pages\/7\/revisions\/91823"}],"wp:featuredmedia":[{"embeddable":true,"href":"https:\/\/afenet.oxfordhr.co.uk\/es\/wp-json\/wp\/v2\/media\/24"}],"wp:attachment":[{"href":"https:\/\/afenet.oxfordhr.co.uk\/es\/wp-json\/wp\/v2\/media?parent=7"}],"curies":[{"name":"wp","href":"https:\/\/api.w.org\/{rel}","templated":true}]}}